{"id":15,"date":"2016-10-28T08:57:17","date_gmt":"2016-10-28T14:57:17","guid":{"rendered":"http:\/\/localhost:8888\/dunamotors\/?page_id=15"},"modified":"2022-08-11T08:43:36","modified_gmt":"2022-08-11T12:43:36","slug":"products","status":"publish","type":"page","link":"https:\/\/dunamotors.com\/fr_ca\/products\/","title":{"rendered":"PRODUCTS"},"content":{"rendered":"<p>[vc_row full_width= &raquo;stretch_row &raquo; bg_type= &raquo;bg_color &raquo; bg_override= &raquo;full &raquo; bg_color_value= &raquo;#141414&Prime;][vc_column width= &raquo;1\/3&Prime;][vc_column_text css_animation= &raquo;left-to-right &raquo;]<\/p>\n<p>&nbsp;<\/p>\n<p>&nbsp;<\/p>\n<p>&nbsp;<\/p>\n<p>&nbsp;<\/p>\n<p>&nbsp;<\/p>\n<p><span style=\"color: #ffffff;\"><img loading=\"lazy\" class=\"alignnone wp-image-174\" src=\"http:\/\/www.dunamotors.com\/wp-content\/uploads\/2022\/07\/corolla.png\" alt=\"Importar toyota corolla venezuela Colombia\" width=\"343\" height=\"343\" \/><\/span><\/p>\n<p>[\/vc_column_text][\/vc_column][vc_column width= &raquo;1\/3&Prime;][vc_column_text css_animation= &raquo;bottom-to-top &raquo;]<\/p>\n<h3 style=\"text-align: center;\"><span style=\"color: #ffffff;\">Importez avec Duna Motors des voitures neuves, des VUS Toyota, Lexus, Mercedes-Benz, BMW, des camions Toyota, Ford, des berlines Toyota, BMW, Mercedes-Benz de l&rsquo;ann\u00e9e et tout autre mod\u00e8le ou marque que vous souhaitez.<\/span><\/h3>\n<p style=\"text-align: center;\"><span style=\"color: #ffffff;\"> Suivez simplement les \u00e9tapes ci-dessous:<\/span><\/p>\n<h2 style=\"text-align: center;\"><span style=\"color: #ffffff;\"> 1. S\u00e9lectionnez votre v\u00e9hicule. <\/span><\/h2>\n<p style=\"text-align: center;\"><span style=\"color: #ffffff;\"> Vous pouvez choisir la marque, le mod\u00e8le et m\u00eame la couleur du v\u00e9hicule ou du camion que vous souhaitez.<\/span><\/p>\n<h2 style=\"text-align: center;\"><span style=\"color: #ffffff;\"> 2.\u00c9crivez-nous:<\/span><\/h2>\n<p>[\/vc_column_text][vc_tta_accordion shape= &raquo;square &raquo; color= &raquo;white &raquo; active_section= &raquo;0&Prime; collapsible_all= &raquo;true &raquo;][vc_tta_section i_icon_fontawesome= &raquo;fa fa-envelope-o &raquo; title= &raquo;\u00c9crivez-nous: &raquo; tab_id= &raquo;1478475498204-eadbd2b3-f734&Prime; add_icon= &raquo;true &raquo;][vc_column_text]<div role=\"form\" class=\"wpcf7\" id=\"wpcf7-f139-o1\" lang=\"en-US\" dir=\"ltr\">\n<div class=\"screen-reader-response\"><p role=\"status\" aria-live=\"polite\" aria-atomic=\"true\"><\/p> <ul><\/ul><\/div>\n<form action=\"\/fr_ca\/wp-json\/wp\/v2\/pages\/15#wpcf7-f139-o1\" method=\"post\" class=\"wpcf7-form init\" novalidate=\"novalidate\" data-status=\"init\">\n<div style=\"display: none;\">\n<input type=\"hidden\" name=\"_wpcf7\" value=\"139\" \/>\n<input type=\"hidden\" name=\"_wpcf7_version\" value=\"5.6.2\" \/>\n<input type=\"hidden\" name=\"_wpcf7_locale\" value=\"en_US\" \/>\n<input type=\"hidden\" name=\"_wpcf7_unit_tag\" value=\"wpcf7-f139-o1\" \/>\n<input type=\"hidden\" name=\"_wpcf7_container_post\" value=\"0\" \/>\n<input type=\"hidden\" name=\"_wpcf7_posted_data_hash\" value=\"\" \/>\n<input type=\"hidden\" name=\"_wpcf7_recaptcha_response\" value=\"\" \/>\n<\/div>\n<p><label> Votre Nom (requis)<br \/>\n    <span class=\"wpcf7-form-control-wrap\" data-name=\"your-name\"><input type=\"text\" name=\"your-name\" value=\"\" size=\"40\" class=\"wpcf7-form-control wpcf7-text wpcf7-validates-as-required\" aria-required=\"true\" aria-invalid=\"false\" \/><\/span> <\/label><\/p>\n<p><label> Votre Courriel (requis)<br \/>\n    <span class=\"wpcf7-form-control-wrap\" data-name=\"your-email\"><input type=\"email\" name=\"your-email\" value=\"\" size=\"40\" class=\"wpcf7-form-control wpcf7-text wpcf7-email wpcf7-validates-as-required wpcf7-validates-as-email\" aria-required=\"true\" aria-invalid=\"false\" \/><\/span> <\/label><\/p>\n<p><label> Votre t\u00e9l\u00e9phone<br \/>\n<span class=\"wpcf7-form-control-wrap\" data-name=\"tel-359\"><input type=\"tel\" name=\"tel-359\" value=\"\" size=\"40\" class=\"wpcf7-form-control wpcf7-text wpcf7-tel wpcf7-validates-as-tel\" aria-invalid=\"false\" \/><\/span> <\/label><\/p>\n<p><label> S\u00e9lectionnez le pays de destination (requis)<br \/>\n<span class=\"wpcf7-form-control-wrap\" data-name=\"Pais\"><select name=\"Pais\" class=\"wpcf7-form-control wpcf7-select wpcf7-validates-as-required\" aria-required=\"true\" aria-invalid=\"false\"><option value=\"Argentine\">Argentine<\/option><option value=\"Chili\">Chili<\/option><option value=\"Chine\">Chine<\/option><option value=\"Colombie\">Colombie<\/option><option value=\"\u00c9quateur\">\u00c9quateur<\/option><option value=\"P\u00e9rou\">P\u00e9rou<\/option><option value=\"Venezuela\">Venezuela<\/option><option value=\"Autre\">Autre<\/option><\/select><\/span> <\/label><\/p>\n<p><label> Mod\u00e8le de v\u00e9hicule<br \/>\n    <span class=\"wpcf7-form-control-wrap\" data-name=\"your-subject\"><input type=\"text\" name=\"your-subject\" value=\"\" size=\"40\" class=\"wpcf7-form-control wpcf7-text\" aria-invalid=\"false\" \/><\/span> <\/label><\/p>\n<p><label> Ann\u00e9e du v\u00e9hicule<br \/>\n    <span class=\"wpcf7-form-control-wrap\" data-name=\"your-subject2\"><input type=\"text\" name=\"your-subject2\" value=\"\" size=\"40\" class=\"wpcf7-form-control wpcf7-text\" aria-invalid=\"false\" \/><\/span> <\/label><\/p>\n<p><label> Commentaires suppl\u00e9mentaires<br \/>\n    <span class=\"wpcf7-form-control-wrap\" data-name=\"your-message\"><textarea name=\"your-message\" cols=\"40\" rows=\"10\" class=\"wpcf7-form-control wpcf7-textarea\" aria-invalid=\"false\"><\/textarea><\/span> <\/label><\/p>\n<p><input type=\"submit\" value=\"Envoyer\" class=\"wpcf7-form-control has-spinner wpcf7-submit\" \/><\/p>\n<div class=\"wpcf7-response-output\" aria-hidden=\"true\"><\/div><\/form><\/div>[\/vc_column_text][\/vc_tta_section][\/vc_tta_accordion][vc_column_text]<\/p>\n<h2 style=\"text-align: center;\"><\/h2>\n<h2 style=\"text-align: center;\"><span style=\"color: #ffffff;\"> 3. Recevez votre v\u00e9hicule. <\/span><\/h2>\n<p style=\"text-align: center;\"><span style=\"color: #ffffff;\"> L&rsquo;importation, la plaque et la livraison porte-\u00e0-porte sont \u00e9galement disponibles vers certaines destinations.<\/span><\/p>\n<h3 style=\"text-align: center;\"><\/h3>\n<p style=\"text-align: center;\"><span style=\"color: #ffffff;\"> Nous livrons en: Venezuela, Colombie, Chili, \u00c9quateur, P\u00e9rou, Chine et Argentine. <\/span><\/p>\n<p>[\/vc_column_text][\/vc_column][vc_column width= &raquo;1\/3&Prime;][vc_column_text css_animation= &raquo;right-to-left &raquo;]<\/p>\n<p>&nbsp;<\/p>\n<p>&nbsp;<\/p>\n<p>&nbsp;<\/p>\n<p>&nbsp;<\/p>\n<p>&nbsp;<\/p>\n<p><img loading=\"lazy\" class=\"alignnone wp-image-172\" src=\"http:\/\/www.dunamotors.com\/wp-content\/uploads\/2022\/07\/toyota-tundra-importar-venezuela-colombia-dubai.png\" alt=\"\" width=\"357\" height=\"357\" \/><br \/>\n[\/vc_column_text][\/vc_column][\/vc_row]<\/p>\n","protected":false},"excerpt":{"rendered":"<p>[vc_row full_width= &raquo;stretch_row &raquo; bg_type= &raquo;bg_color &raquo; bg_override= &raquo;full &raquo; bg_color_value= &raquo;#141414&Prime;][vc_column width= &raquo;1\/3&Prime;][vc_column_text css_animation= &raquo;left-to-right &raquo;] &nbsp; &nbsp; &nbsp; &nbsp; &nbsp; [\/vc_column_text][\/vc_column][vc_column width= &raquo;1\/3&Prime;][vc_column_text css_animation= &raquo;bottom-to-top &raquo;] Importez avec Duna Motors des voitures neuves, des VUS Toyota, Lexus, Mercedes-Benz, BMW, des camions Toyota, Ford, des berlines Toyota, BMW, Mercedes-Benz de l&rsquo;ann\u00e9e et tout autre mod\u00e8le ou marque que vous [&hellip;]<\/p>\n","protected":false},"author":1,"featured_media":0,"parent":0,"menu_order":0,"comment_status":"closed","ping_status":"closed","template":"template-fw.php","meta":[],"_links":{"self":[{"href":"https:\/\/dunamotors.com\/fr_ca\/wp-json\/wp\/v2\/pages\/15"}],"collection":[{"href":"https:\/\/dunamotors.com\/fr_ca\/wp-json\/wp\/v2\/pages"}],"about":[{"href":"https:\/\/dunamotors.com\/fr_ca\/wp-json\/wp\/v2\/types\/page"}],"author":[{"embeddable":true,"href":"https:\/\/dunamotors.com\/fr_ca\/wp-json\/wp\/v2\/users\/1"}],"replies":[{"embeddable":true,"href":"https:\/\/dunamotors.com\/fr_ca\/wp-json\/wp\/v2\/comments?post=15"}],"version-history":[{"count":18,"href":"https:\/\/dunamotors.com\/fr_ca\/wp-json\/wp\/v2\/pages\/15\/revisions"}],"predecessor-version":[{"id":206,"href":"https:\/\/dunamotors.com\/fr_ca\/wp-json\/wp\/v2\/pages\/15\/revisions\/206"}],"wp:attachment":[{"href":"https:\/\/dunamotors.com\/fr_ca\/wp-json\/wp\/v2\/media?parent=15"}],"curies":[{"name":"wp","href":"https:\/\/api.w.org\/{rel}","templated":true}]}}